{"id":11888,"date":"2025-06-13T14:42:56","date_gmt":"2025-06-13T19:42:56","guid":{"rendered":"https:\/\/cqbf.ca\/calendrier-des-evenements\/"},"modified":"2025-09-10T12:25:01","modified_gmt":"2025-09-10T17:25:01","slug":"calendrier-des-evenements","status":"publish","type":"page","link":"https:\/\/cqbf.ca\/fr\/calendrier-des-evenements\/","title":{"rendered":"Calendrier des \u00e9v\u00e9nements"},"content":{"rendered":"\n<h2 class=\"wp-block-heading has-text-color has-link-color wp-elements-9eea682a30a7fd33793bcf76da5edfb0\" style=\"color:#9e1e2e\">D\u00e9couvrez nos \u00e9v\u00e9nements&#8230;<\/h2>\n\r\n    <form method=\"GET\" action=\"\">\r\n        <div class=\"event-search-form\">\r\n\t      <div class=\"event-search\">\t\r\n            <!-- Event Search Input -->\r\n            <input type=\"text\" \r\n                   name=\"event_search\" \r\n                   placeholder=\"Search by event\" \r\n                   value=\"\" \/>\r\n          <\/div>\r\n            <!-- Date Input with Datepicker -->\r\n            <div class=\"date-input-wrapper\">\r\n                <input type=\"text\" \r\n                       name=\"event_date\" \r\n                       id=\"event_date\" \r\n                       placeholder=\"Find event by date\" \r\n                       value=\"\" \/>\r\n            <\/div>\r\n        <\/div>\r\n    <\/form>\r\n\r\n    \n\n<div class=\"wp-block-columns is-layout-flex wp-container-core-columns-is-layout-9d6595d7 wp-block-columns-is-layout-flex\">\n<div class=\"wp-block-column is-layout-flow wp-block-column-is-layout-flow\" style=\"flex-basis:65%\"><div class=\"custom-events-timeline\">            <div class=\"event-timeline-item \">\r\n                <div class=\"event-date-circle\">\r\n                    <span>vendredi, mai 15th, 2026<\/span>\r\n                <\/div>\r\n                <div class=\"event-content\">\r\n                    <div class=\"event-image\">\r\n                        <img decoding=\"async\" src=\"https:\/\/cqbf.ca\/wp-content\/uploads\/2025\/06\/Qatar-Gateway-n.webp\" alt=\"Qatar Gateway 2026\">\r\n                    <\/div>\r\n                    <div class=\"event-info\">\r\n                        <h3><a href=\"https:\/\/cqbf.ca\/fr\/event\/qatar-gateway-2026\/\" class=\"event-link-title\">Qatar Gateway 2026<\/a><\/h3>\r\n                        <p class=\"event-venue\">Fairmont Royal York &#8211; Centre-ville de Toronto<\/p>\r\n                        <p class=\"event-date\">vendredi, mai 15th, 2026, 3:00 pm<\/p>\r\n                        <a href=\"https:\/\/cqbf.ca\/fr\/event\/qatar-gateway-2026\/\" class=\"event-link\">Details<\/a>\r\n                    <\/div>\r\n                <\/div>\r\n            <\/div>\r\n            <\/div>\n<\/div>\n\n\n\n<div class=\"wp-block-column has-background is-layout-flow wp-block-column-is-layout-flow\" style=\"border-radius:7px;background-color:#9e1e2e;flex-basis:40.5%\">\n<div class=\"wp-block-group is-content-justification-center is-nowrap is-layout-flex wp-container-core-group-is-layout-18070ffe wp-block-group-is-layout-flex\" style=\"padding-top:var(--wp--preset--spacing--50);padding-right:var(--wp--preset--spacing--40);padding-bottom:var(--wp--preset--spacing--50);padding-left:var(--wp--preset--spacing--40)\">\n<h2 class=\"wp-block-heading has-white-color has-text-color has-link-color wp-elements-969bf39935dfe0e4bad52b6e21040732\">\u00c9v\u00e9nements \u00e0 venir<\/h2>\n<\/div>\n\n\n\n<div class=\"wp-block-group is-horizontal is-content-justification-center is-nowrap is-layout-flex wp-container-core-group-is-layout-d7f9a170 wp-block-group-is-layout-flex\" style=\"margin-top:var(--wp--preset--spacing--40);margin-bottom:var(--wp--preset--spacing--40);padding-top:var(--wp--preset--spacing--30);padding-right:var(--wp--preset--spacing--50);padding-bottom:var(--wp--preset--spacing--30);padding-left:var(--wp--preset--spacing--50)\"><div class=\"custom-events-list\">            <div class=\"event-item\">\r\n                <div class=\"event-image\">\r\n                    <img decoding=\"async\" src=\"https:\/\/cqbf.ca\/wp-content\/uploads\/2025\/06\/Qatar-Gateway-n.webp\" alt=\"Qatar Gateway 2026\">\r\n                <\/div>\r\n                <div class=\"event-info\">\r\n\t\t\t\t\t<h3><a href=\"https:\/\/cqbf.ca\/fr\/event\/qatar-gateway-2026\/\" class=\"event-link-title\">Qatar Gateway 2026<\/a><\/h3>\r\n                    <p class=\"event-venue\">Fairmont Royal York &#8211; Centre-ville de Toronto<\/p>\r\n                    <p class=\"event-date\">mai 15, 2026 3:00 pm<\/p>\r\n\t\t\t\t\t<a href=\"https:\/\/cqbf.ca\/fr\/event\/qatar-gateway-2026\/\" class=\"event-link\"><span>Details<\/span> \u2794<\/a>\r\n                <\/div>\r\n            <\/div>\r\n            <\/div>\n<\/div>\n<\/div>\n<\/div>\n","protected":false},"excerpt":{"rendered":"<p>D\u00e9couvrez nos \u00e9v\u00e9nements&#8230; \u00c9v\u00e9nements \u00e0 venir<\/p>\n","protected":false},"author":2,"featured_media":11727,"parent":0,"menu_order":0,"comment_status":"closed","ping_status":"closed","template":"","meta":{"_acf_changed":false,"_seopress_robots_primary_cat":"","_seopress_titles_title":"","_seopress_titles_desc":"","_seopress_robots_index":"","_price":"","_stock":"","_tribe_ticket_header":"","_tribe_default_ticket_provider":"","_ticket_start_date":"","_ticket_end_date":"","_tribe_ticket_show_description":"","_tribe_ticket_show_not_going":false,"_tribe_ticket_use_global_stock":"","_tribe_ticket_global_stock_level":"","_global_stock_mode":"","_global_stock_cap":"","_tribe_rsvp_for_event":"","_tribe_ticket_going_count":"","_tribe_ticket_not_going_count":"","_tribe_tickets_list":"[]","_tribe_ticket_has_attendee_info_fields":false,"footnotes":"","_tec_slr_enabled":"","_tec_slr_layout":""},"class_list":["post-11888","page","type-page","status-publish","has-post-thumbnail","hentry","cat_commerce-international","cat_evenements-daffaires","cat_sommets-de-linvestissement"],"acf":[],"ticketed":false,"_links":{"self":[{"href":"https:\/\/cqbf.ca\/fr\/wp-json\/wp\/v2\/pages\/11888","targetHints":{"allow":["GET"]}}],"collection":[{"href":"https:\/\/cqbf.ca\/fr\/wp-json\/wp\/v2\/pages"}],"about":[{"href":"https:\/\/cqbf.ca\/fr\/wp-json\/wp\/v2\/types\/page"}],"author":[{"embeddable":true,"href":"https:\/\/cqbf.ca\/fr\/wp-json\/wp\/v2\/users\/2"}],"replies":[{"embeddable":true,"href":"https:\/\/cqbf.ca\/fr\/wp-json\/wp\/v2\/comments?post=11888"}],"version-history":[{"count":4,"href":"https:\/\/cqbf.ca\/fr\/wp-json\/wp\/v2\/pages\/11888\/revisions"}],"predecessor-version":[{"id":12090,"href":"https:\/\/cqbf.ca\/fr\/wp-json\/wp\/v2\/pages\/11888\/revisions\/12090"}],"wp:featuredmedia":[{"embeddable":true,"href":"https:\/\/cqbf.ca\/fr\/wp-json\/wp\/v2\/media\/11727"}],"wp:attachment":[{"href":"https:\/\/cqbf.ca\/fr\/wp-json\/wp\/v2\/media?parent=11888"}],"curies":[{"name":"wp","href":"https:\/\/api.w.org\/{rel}","templated":true}]}}