{"id":11876,"date":"2022-10-23T09:37:05","date_gmt":"2022-10-23T14:37:05","guid":{"rendered":"https:\/\/cqbf.ca\/blog\/"},"modified":"2025-09-09T15:52:13","modified_gmt":"2025-09-09T20:52:13","slug":"blog","status":"publish","type":"page","link":"https:\/\/cqbf.ca\/fr\/blog\/","title":{"rendered":"Blog"},"content":{"rendered":"\t\t<div data-elementor-type=\"wp-page\" data-elementor-id=\"11876\" class=\"elementor elementor-11876 elementor-1319\" data-elementor-post-type=\"page\">\n\t\t\t\t<div class=\"elementor-element elementor-element-f839c08 e-con-full e-flex e-con e-parent\" data-id=\"f839c08\" data-element_type=\"container\" data-e-type=\"container\">\n\t\t\t\t<div class=\"elementor-element elementor-element-ed85de3 elementor-widget elementor-widget-react-blog\" data-id=\"ed85de3\" data-element_type=\"widget\" data-e-type=\"widget\" data-widget_type=\"react-blog.default\">\n\t\t\t\t<div class=\"elementor-widget-container\">\n\t\t\t\t\t\r\n\t\t<div class=\"reactheme-blog-grid2x reactheme-blog-grid blog--style4 blog--style1\">            \r\n\r\n            <div class=\"row blog-gird-item\">\r\n                \r\n\t\t\t \t                     \r\n\t\t\t\t\t\r\n\t\t\t\t\t<div class=\"grid-item col-lg-4 col-md-12 col-sm-12  filter_actualites filter_communique-de-presse \">\r\n\r\n                        <div class=\"align-items-center no-gutter blog-item reactheme-blog-grid1\">\r\n    <div class=\"col-md-12\">\r\n        <div class=\"image-part\">\r\n            <a href=\"https:\/\/cqbf.ca\/fr\/h-e-sheikh-khalifa-bin-ahmed-bin-sultan-al-thani-appointed-honorary-chairman-of-cqbf-advisory-board\/\">\r\n                <img fetchpriority=\"high\" decoding=\"async\" width=\"640\" height=\"259\" src=\"https:\/\/cqbf.ca\/wp-content\/uploads\/2026\/01\/H.E.-Sheikh-Khalifa-bin-Ahmed-bin-Sultan-Al-Thani-1024x415.webp\" class=\"attachment-large size-large wp-post-image\" alt=\"H.E. Sheikh Khalifa bin Ahmed bin Sultan Al Thani\" srcset=\"https:\/\/cqbf.ca\/wp-content\/uploads\/2026\/01\/H.E.-Sheikh-Khalifa-bin-Ahmed-bin-Sultan-Al-Thani-1024x415.webp 1024w, https:\/\/cqbf.ca\/wp-content\/uploads\/2026\/01\/H.E.-Sheikh-Khalifa-bin-Ahmed-bin-Sultan-Al-Thani-300x121.webp 300w, https:\/\/cqbf.ca\/wp-content\/uploads\/2026\/01\/H.E.-Sheikh-Khalifa-bin-Ahmed-bin-Sultan-Al-Thani-768x311.webp 768w, https:\/\/cqbf.ca\/wp-content\/uploads\/2026\/01\/H.E.-Sheikh-Khalifa-bin-Ahmed-bin-Sultan-Al-Thani-1536x622.webp 1536w, https:\/\/cqbf.ca\/wp-content\/uploads\/2026\/01\/H.E.-Sheikh-Khalifa-bin-Ahmed-bin-Sultan-Al-Thani-600x243.webp 600w, https:\/\/cqbf.ca\/wp-content\/uploads\/2026\/01\/H.E.-Sheikh-Khalifa-bin-Ahmed-bin-Sultan-Al-Thani.webp 1640w\" sizes=\"(max-width: 640px) 100vw, 640px\" \/>            <\/a>\r\n                        <div class=\"meta-info\">\r\n                                                    <div class=\"author-info d-flex align-items-center\">   \r\n                        <i class=\"fal fa-user-circle\"><\/i>                    \r\n                        <div class=\"info\">\r\n                            <p class=\"author-name m-0\">CQBF Editorial Staff<\/p>                           \r\n                        <\/div>\r\n                    <\/div>\r\n                                                            <ul class=\"blog-meta d-flex align-items-center\">\r\n\r\n                                    <i class=\"fal fa-tags\"><\/i>\r\n                    <div class=\"cat_list\">\r\n                        \r\n                        <ul class=\"post-categories\">\n\t<li><a href=\"https:\/\/cqbf.ca\/fr\/category\/actualites\/\" rel=\"category tag\">Actualit\u00e9s<\/a><\/li>\n\t<li><a href=\"https:\/\/cqbf.ca\/fr\/category\/communique-de-presse\/\" rel=\"category tag\">Communiqu\u00e9 de presse<\/a><\/li><\/ul>                    <\/div>\r\n                            <\/ul>\r\n                       \r\n            <\/div>\r\n           \r\n        <\/div>\r\n    <\/div>\r\n    <div class=\"col-md-12\">\r\n        <div class=\"blog-content\">        \r\n          \r\n            <h3 class=\"title dd\"><a href=\"https:\/\/cqbf.ca\/fr\/h-e-sheikh-khalifa-bin-ahmed-bin-sultan-al-thani-appointed-honorary-chairman-of-cqbf-advisory-board\/\">S.E. Sheikh Khalifa bin Ahmed bin Sultan Al Thani nomm\u00e9 pr\u00e9sident honoraire du conseil consultatif de la FCQB<\/a><\/h3>\r\n                            <p class=\"txt\">S.E. Sheikh Khalifa bin Ahmed bin Sultan Al Thani nomm\u00e9 pr\u00e9sident honoraire du conseil consultatif du CCQF Le Forum des...<\/p>\r\n            \r\n              \r\n                            <div class=\"btn-part\">\r\n                    <a class=\"readon-arrow\" href=\"https:\/\/cqbf.ca\/fr\/h-e-sheikh-khalifa-bin-ahmed-bin-sultan-al-thani-appointed-honorary-chairman-of-cqbf-advisory-board\/\">\r\n                        Read More <i class=\"fa fa fa-angle-right\"><\/i>\r\n                    <\/a>\r\n                <\/div>\r\n                    <\/div>\r\n    <\/div>\r\n<\/div>                            \r\n                    <\/div>\r\n\t\t\t\t\t                     \r\n\t\t\t\t\t\r\n\t\t\t\t\t<div class=\"grid-item col-lg-4 col-md-12 col-sm-12  filter_actualites filter_communique-de-presse \">\r\n\r\n                        <div class=\"align-items-center no-gutter blog-item reactheme-blog-grid1\">\r\n    <div class=\"col-md-12\">\r\n        <div class=\"image-part\">\r\n            <a href=\"https:\/\/cqbf.ca\/fr\/douglas-c-power-rejoint-le-conseil-dadministration-de-la-fcqb-atlantic-qatar-trade-bridge-cqbf\/\">\r\n                <img decoding=\"async\" width=\"640\" height=\"231\" src=\"https:\/\/cqbf.ca\/wp-content\/uploads\/2025\/08\/douglas-power-banner-1024x370.webp\" class=\"attachment-large size-large wp-post-image\" alt=\"\" srcset=\"https:\/\/cqbf.ca\/wp-content\/uploads\/2025\/08\/douglas-power-banner-1024x370.webp 1024w, https:\/\/cqbf.ca\/wp-content\/uploads\/2025\/08\/douglas-power-banner-300x108.webp 300w, https:\/\/cqbf.ca\/wp-content\/uploads\/2025\/08\/douglas-power-banner-768x277.webp 768w, https:\/\/cqbf.ca\/wp-content\/uploads\/2025\/08\/douglas-power-banner-600x217.webp 600w, https:\/\/cqbf.ca\/wp-content\/uploads\/2025\/08\/douglas-power-banner.webp 1272w\" sizes=\"(max-width: 640px) 100vw, 640px\" \/>            <\/a>\r\n                        <div class=\"meta-info\">\r\n                                                    <div class=\"author-info d-flex align-items-center\">   \r\n                        <i class=\"fal fa-user-circle\"><\/i>                    \r\n                        <div class=\"info\">\r\n                            <p class=\"author-name m-0\">CQBF Editorial Staff<\/p>                           \r\n                        <\/div>\r\n                    <\/div>\r\n                                                            <ul class=\"blog-meta d-flex align-items-center\">\r\n\r\n                                    <i class=\"fal fa-tags\"><\/i>\r\n                    <div class=\"cat_list\">\r\n                        \r\n                        <ul class=\"post-categories\">\n\t<li><a href=\"https:\/\/cqbf.ca\/fr\/category\/actualites\/\" rel=\"category tag\">Actualit\u00e9s<\/a><\/li>\n\t<li><a href=\"https:\/\/cqbf.ca\/fr\/category\/communique-de-presse\/\" rel=\"category tag\">Communiqu\u00e9 de presse<\/a><\/li><\/ul>                    <\/div>\r\n                            <\/ul>\r\n                       \r\n            <\/div>\r\n           \r\n        <\/div>\r\n    <\/div>\r\n    <div class=\"col-md-12\">\r\n        <div class=\"blog-content\">        \r\n          \r\n            <h3 class=\"title dd\"><a href=\"https:\/\/cqbf.ca\/fr\/douglas-c-power-rejoint-le-conseil-dadministration-de-la-fcqb-atlantic-qatar-trade-bridge-cqbf\/\">Douglas C. Power rejoint le conseil d&#8217;administration de la FCQB | Atlantic-Qatar Trade Bridge &#8211; CQBF<\/a><\/h3>\r\n                            <p class=\"txt\">Le moteur de la croissance transfrontali\u00e8re : Le CQBF accueille Douglas C. Power \u00e0 son conseil d'administration Le Forum des...<\/p>\r\n            \r\n              \r\n                            <div class=\"btn-part\">\r\n                    <a class=\"readon-arrow\" href=\"https:\/\/cqbf.ca\/fr\/douglas-c-power-rejoint-le-conseil-dadministration-de-la-fcqb-atlantic-qatar-trade-bridge-cqbf\/\">\r\n                        Read More <i class=\"fa fa fa-angle-right\"><\/i>\r\n                    <\/a>\r\n                <\/div>\r\n                    <\/div>\r\n    <\/div>\r\n<\/div>                            \r\n                    <\/div>\r\n\t\t\t\t\t                     \r\n\t\t\t\t\t\r\n\t\t\t\t\t<div class=\"grid-item col-lg-4 col-md-12 col-sm-12  filter_actualites filter_communique-de-presse \">\r\n\r\n                        <div class=\"align-items-center no-gutter blog-item reactheme-blog-grid1\">\r\n    <div class=\"col-md-12\">\r\n        <div class=\"image-part\">\r\n            <a href=\"https:\/\/cqbf.ca\/fr\/mohamed-althaf-se-joint-au-conseil-dadministration-de-la-fcqb-leader-du-commerce-canada-qatar\/\">\r\n                <img decoding=\"async\" width=\"640\" height=\"199\" src=\"https:\/\/cqbf.ca\/wp-content\/uploads\/2025\/08\/\u0646\u062f\u0648\u0647-1-1024x682-3-e1754402397416.jpeg\" class=\"attachment-large size-large wp-post-image\" alt=\"\" srcset=\"https:\/\/cqbf.ca\/wp-content\/uploads\/2025\/08\/\u0646\u062f\u0648\u0647-1-1024x682-3-e1754402397416.jpeg 986w, https:\/\/cqbf.ca\/wp-content\/uploads\/2025\/08\/\u0646\u062f\u0648\u0647-1-1024x682-3-e1754402397416-300x93.jpeg 300w, https:\/\/cqbf.ca\/wp-content\/uploads\/2025\/08\/\u0646\u062f\u0648\u0647-1-1024x682-3-e1754402397416-768x239.jpeg 768w, https:\/\/cqbf.ca\/wp-content\/uploads\/2025\/08\/\u0646\u062f\u0648\u0647-1-1024x682-3-e1754402397416-600x187.jpeg 600w\" sizes=\"(max-width: 640px) 100vw, 640px\" \/>            <\/a>\r\n                        <div class=\"meta-info\">\r\n                                                    <div class=\"author-info d-flex align-items-center\">   \r\n                        <i class=\"fal fa-user-circle\"><\/i>                    \r\n                        <div class=\"info\">\r\n                            <p class=\"author-name m-0\">CQBF Editorial Staff<\/p>                           \r\n                        <\/div>\r\n                    <\/div>\r\n                                                            <ul class=\"blog-meta d-flex align-items-center\">\r\n\r\n                                    <i class=\"fal fa-tags\"><\/i>\r\n                    <div class=\"cat_list\">\r\n                        \r\n                        <ul class=\"post-categories\">\n\t<li><a href=\"https:\/\/cqbf.ca\/fr\/category\/actualites\/\" rel=\"category tag\">Actualit\u00e9s<\/a><\/li>\n\t<li><a href=\"https:\/\/cqbf.ca\/fr\/category\/communique-de-presse\/\" rel=\"category tag\">Communiqu\u00e9 de presse<\/a><\/li><\/ul>                    <\/div>\r\n                            <\/ul>\r\n                       \r\n            <\/div>\r\n           \r\n        <\/div>\r\n    <\/div>\r\n    <div class=\"col-md-12\">\r\n        <div class=\"blog-content\">        \r\n          \r\n            <h3 class=\"title dd\"><a href=\"https:\/\/cqbf.ca\/fr\/mohamed-althaf-se-joint-au-conseil-dadministration-de-la-fcqb-leader-du-commerce-canada-qatar\/\">Mohamed Althaf se joint au conseil d&#8217;administration de la FCQB &#8211; Leader du commerce Canada-Qatar<\/a><\/h3>\r\n                            <p class=\"txt\">Mohamed Althaf se joint au conseil d'administration de la FCQB : \u00c9lever le commerce Canada-Qatar par la diplomatie du commerce...<\/p>\r\n            \r\n              \r\n                            <div class=\"btn-part\">\r\n                    <a class=\"readon-arrow\" href=\"https:\/\/cqbf.ca\/fr\/mohamed-althaf-se-joint-au-conseil-dadministration-de-la-fcqb-leader-du-commerce-canada-qatar\/\">\r\n                        Read More <i class=\"fa fa fa-angle-right\"><\/i>\r\n                    <\/a>\r\n                <\/div>\r\n                    <\/div>\r\n    <\/div>\r\n<\/div>                            \r\n                    <\/div>\r\n\t\t\t\t\t                     \r\n\t\t\t\t\t\r\n\t\t\t\t\t<div class=\"grid-item col-lg-4 col-md-12 col-sm-12  filter_actualites filter_communique-de-presse \">\r\n\r\n                        <div class=\"align-items-center no-gutter blog-item reactheme-blog-grid1\">\r\n    <div class=\"col-md-12\">\r\n        <div class=\"image-part\">\r\n            <a href=\"https:\/\/cqbf.ca\/fr\/m-mohammed-bin-fahad-al-emadi-rejoint-le-conseil-dadministration-de-la-fcqb\/\">\r\n                <img loading=\"lazy\" decoding=\"async\" width=\"640\" height=\"457\" src=\"https:\/\/cqbf.ca\/wp-content\/uploads\/2025\/07\/WhatsApp-Image-2025-07-08-at-14.09.43-1-1024x731.jpeg\" class=\"attachment-large size-large wp-post-image\" alt=\"\" srcset=\"https:\/\/cqbf.ca\/wp-content\/uploads\/2025\/07\/WhatsApp-Image-2025-07-08-at-14.09.43-1-1024x731.jpeg 1024w, https:\/\/cqbf.ca\/wp-content\/uploads\/2025\/07\/WhatsApp-Image-2025-07-08-at-14.09.43-1-300x214.jpeg 300w, https:\/\/cqbf.ca\/wp-content\/uploads\/2025\/07\/WhatsApp-Image-2025-07-08-at-14.09.43-1-768x548.jpeg 768w, https:\/\/cqbf.ca\/wp-content\/uploads\/2025\/07\/WhatsApp-Image-2025-07-08-at-14.09.43-1-1536x1096.jpeg 1536w, https:\/\/cqbf.ca\/wp-content\/uploads\/2025\/07\/WhatsApp-Image-2025-07-08-at-14.09.43-1-600x428.jpeg 600w, https:\/\/cqbf.ca\/wp-content\/uploads\/2025\/07\/WhatsApp-Image-2025-07-08-at-14.09.43-1.jpeg 1933w\" sizes=\"(max-width: 640px) 100vw, 640px\" \/>            <\/a>\r\n                        <div class=\"meta-info\">\r\n                                                    <div class=\"author-info d-flex align-items-center\">   \r\n                        <i class=\"fal fa-user-circle\"><\/i>                    \r\n                        <div class=\"info\">\r\n                            <p class=\"author-name m-0\">CQBF Editorial Staff<\/p>                           \r\n                        <\/div>\r\n                    <\/div>\r\n                                                            <ul class=\"blog-meta d-flex align-items-center\">\r\n\r\n                                    <i class=\"fal fa-tags\"><\/i>\r\n                    <div class=\"cat_list\">\r\n                        \r\n                        <ul class=\"post-categories\">\n\t<li><a href=\"https:\/\/cqbf.ca\/fr\/category\/actualites\/\" rel=\"category tag\">Actualit\u00e9s<\/a><\/li>\n\t<li><a href=\"https:\/\/cqbf.ca\/fr\/category\/communique-de-presse\/\" rel=\"category tag\">Communiqu\u00e9 de presse<\/a><\/li><\/ul>                    <\/div>\r\n                            <\/ul>\r\n                       \r\n            <\/div>\r\n           \r\n        <\/div>\r\n    <\/div>\r\n    <div class=\"col-md-12\">\r\n        <div class=\"blog-content\">        \r\n          \r\n            <h3 class=\"title dd\"><a href=\"https:\/\/cqbf.ca\/fr\/m-mohammed-bin-fahad-al-emadi-rejoint-le-conseil-dadministration-de-la-fcqb\/\">M. Mohammed Bin Fahad Al Emadi rejoint le conseil d&#8217;administration de la FCQB<\/a><\/h3>\r\n                            <p class=\"txt\">Un nouveau chapitre dans le leadership commercial bilat\u00e9ral : M. Mohammed Bin Fahad Al Emadi rejoint le conseil d'administration de...<\/p>\r\n            \r\n              \r\n                            <div class=\"btn-part\">\r\n                    <a class=\"readon-arrow\" href=\"https:\/\/cqbf.ca\/fr\/m-mohammed-bin-fahad-al-emadi-rejoint-le-conseil-dadministration-de-la-fcqb\/\">\r\n                        Read More <i class=\"fa fa fa-angle-right\"><\/i>\r\n                    <\/a>\r\n                <\/div>\r\n                    <\/div>\r\n    <\/div>\r\n<\/div>                            \r\n                    <\/div>\r\n\t\t\t\t\t                     \r\n\t\t\t\t\t\r\n\t\t\t\t\t<div class=\"grid-item col-lg-4 col-md-12 col-sm-12  filter_actualites filter_evenements \">\r\n\r\n                        <div class=\"align-items-center no-gutter blog-item reactheme-blog-grid1\">\r\n    <div class=\"col-md-12\">\r\n        <div class=\"image-part\">\r\n            <a href=\"https:\/\/cqbf.ca\/fr\/celebration-des-50-ans-de-relations-entre-le-qatar-et-le-canada-renforcer-les-liens-economiques-et-les-possibilites-dinvestissement\/\">\r\n                <img loading=\"lazy\" decoding=\"async\" width=\"640\" height=\"427\" src=\"https:\/\/cqbf.ca\/wp-content\/uploads\/2024\/09\/Amir-visisting-Canada-1024x683.webp\" class=\"attachment-large size-large wp-post-image\" alt=\"\" srcset=\"https:\/\/cqbf.ca\/wp-content\/uploads\/2024\/09\/Amir-visisting-Canada-1024x683.webp 1024w, https:\/\/cqbf.ca\/wp-content\/uploads\/2024\/09\/Amir-visisting-Canada-300x200.webp 300w, https:\/\/cqbf.ca\/wp-content\/uploads\/2024\/09\/Amir-visisting-Canada-768x512.webp 768w, https:\/\/cqbf.ca\/wp-content\/uploads\/2024\/09\/Amir-visisting-Canada-1536x1024.webp 1536w, https:\/\/cqbf.ca\/wp-content\/uploads\/2024\/09\/Amir-visisting-Canada-600x400.webp 600w, https:\/\/cqbf.ca\/wp-content\/uploads\/2024\/09\/Amir-visisting-Canada.webp 2048w\" sizes=\"(max-width: 640px) 100vw, 640px\" \/>            <\/a>\r\n                        <div class=\"meta-info\">\r\n                                                    <div class=\"author-info d-flex align-items-center\">   \r\n                        <i class=\"fal fa-user-circle\"><\/i>                    \r\n                        <div class=\"info\">\r\n                            <p class=\"author-name m-0\">CQBF Editorial Staff<\/p>                           \r\n                        <\/div>\r\n                    <\/div>\r\n                                                            <ul class=\"blog-meta d-flex align-items-center\">\r\n\r\n                                    <i class=\"fal fa-tags\"><\/i>\r\n                    <div class=\"cat_list\">\r\n                        \r\n                        <ul class=\"post-categories\">\n\t<li><a href=\"https:\/\/cqbf.ca\/fr\/category\/actualites\/\" rel=\"category tag\">Actualit\u00e9s<\/a><\/li>\n\t<li><a href=\"https:\/\/cqbf.ca\/fr\/category\/evenements\/\" rel=\"category tag\">Ev\u00e9nements<\/a><\/li><\/ul>                    <\/div>\r\n                            <\/ul>\r\n                       \r\n            <\/div>\r\n           \r\n        <\/div>\r\n    <\/div>\r\n    <div class=\"col-md-12\">\r\n        <div class=\"blog-content\">        \r\n          \r\n            <h3 class=\"title dd\"><a href=\"https:\/\/cqbf.ca\/fr\/celebration-des-50-ans-de-relations-entre-le-qatar-et-le-canada-renforcer-les-liens-economiques-et-les-possibilites-dinvestissement\/\">C\u00e9l\u00e9bration des 50 ans de relations entre le Qatar et le Canada : Renforcer les liens \u00e9conomiques et les possibilit\u00e9s d&#8217;investissement<\/a><\/h3>\r\n                            <p class=\"txt\">C\u00e9l\u00e9bration des 50 ans de relations entre le Qatar et le Canada : Renforcer les liens \u00e9conomiques et les possibilit\u00e9s...<\/p>\r\n            \r\n              \r\n                            <div class=\"btn-part\">\r\n                    <a class=\"readon-arrow\" href=\"https:\/\/cqbf.ca\/fr\/celebration-des-50-ans-de-relations-entre-le-qatar-et-le-canada-renforcer-les-liens-economiques-et-les-possibilites-dinvestissement\/\">\r\n                        Read More <i class=\"fa fa fa-angle-right\"><\/i>\r\n                    <\/a>\r\n                <\/div>\r\n                    <\/div>\r\n    <\/div>\r\n<\/div>                            \r\n                    <\/div>\r\n\t\t\t\t\t                     \r\n\t\t\t\t\t\r\n\t\t\t\t\t<div class=\"grid-item col-lg-4 col-md-12 col-sm-12  filter_actualites filter_evenements \">\r\n\r\n                        <div class=\"align-items-center no-gutter blog-item reactheme-blog-grid1\">\r\n    <div class=\"col-md-12\">\r\n        <div class=\"image-part\">\r\n            <a href=\"https:\/\/cqbf.ca\/fr\/debloquer-les-opportunites-daffaires-au-qatar-perspectives-du-webinaire-de-lontario-et-du-cqbf\/\">\r\n                <img loading=\"lazy\" decoding=\"async\" width=\"640\" height=\"537\" src=\"https:\/\/cqbf.ca\/wp-content\/uploads\/2024\/09\/Qatar-Canada.webp\" class=\"attachment-large size-large wp-post-image\" alt=\"\" srcset=\"https:\/\/cqbf.ca\/wp-content\/uploads\/2024\/09\/Qatar-Canada.webp 940w, https:\/\/cqbf.ca\/wp-content\/uploads\/2024\/09\/Qatar-Canada-300x251.webp 300w, https:\/\/cqbf.ca\/wp-content\/uploads\/2024\/09\/Qatar-Canada-768x644.webp 768w, https:\/\/cqbf.ca\/wp-content\/uploads\/2024\/09\/Qatar-Canada-600x503.webp 600w\" sizes=\"(max-width: 640px) 100vw, 640px\" \/>            <\/a>\r\n                        <div class=\"meta-info\">\r\n                                                    <div class=\"author-info d-flex align-items-center\">   \r\n                        <i class=\"fal fa-user-circle\"><\/i>                    \r\n                        <div class=\"info\">\r\n                            <p class=\"author-name m-0\">Mohammed Ahmed<\/p>                           \r\n                        <\/div>\r\n                    <\/div>\r\n                                                            <ul class=\"blog-meta d-flex align-items-center\">\r\n\r\n                                    <i class=\"fal fa-tags\"><\/i>\r\n                    <div class=\"cat_list\">\r\n                        \r\n                        <ul class=\"post-categories\">\n\t<li><a href=\"https:\/\/cqbf.ca\/fr\/category\/actualites\/\" rel=\"category tag\">Actualit\u00e9s<\/a><\/li>\n\t<li><a href=\"https:\/\/cqbf.ca\/fr\/category\/evenements\/\" rel=\"category tag\">Ev\u00e9nements<\/a><\/li><\/ul>                    <\/div>\r\n                            <\/ul>\r\n                       \r\n            <\/div>\r\n           \r\n        <\/div>\r\n    <\/div>\r\n    <div class=\"col-md-12\">\r\n        <div class=\"blog-content\">        \r\n          \r\n            <h3 class=\"title dd\"><a href=\"https:\/\/cqbf.ca\/fr\/debloquer-les-opportunites-daffaires-au-qatar-perspectives-du-webinaire-de-lontario-et-du-cqbf\/\">D\u00e9bloquer les opportunit\u00e9s d&#8217;affaires au Qatar : Perspectives du webinaire de l&#8217;Ontario et du CQBF<\/a><\/h3>\r\n                            <p class=\"txt\">D\u00e9bloquer les opportunit\u00e9s d'affaires au Qatar : Perspectives du webinaire de l'Ontario et du CQBF Le 10 septembre 2024, le...<\/p>\r\n            \r\n              \r\n                            <div class=\"btn-part\">\r\n                    <a class=\"readon-arrow\" href=\"https:\/\/cqbf.ca\/fr\/debloquer-les-opportunites-daffaires-au-qatar-perspectives-du-webinaire-de-lontario-et-du-cqbf\/\">\r\n                        Read More <i class=\"fa fa fa-angle-right\"><\/i>\r\n                    <\/a>\r\n                <\/div>\r\n                    <\/div>\r\n    <\/div>\r\n<\/div>                            \r\n                    <\/div>\r\n\t\t\t\t\t                 \r\n                         \r\n                <\/div>   \r\n                               \r\n            \t    \r\n                              \r\n\t\t<\/div>\r\n\t   \t\t\t\t<\/div>\n\t\t\t\t<\/div>\n\t\t\t\t<\/div>\n\t\t\t\t<\/div>\n\t\t","protected":false},"excerpt":{"rendered":"<p>admin Actualit\u00e9s CQBF m\u00e8ne l&#8217;innovation canadienne au Web Summit Qatar 2024 L&#8217;impact de CQBF au Web Summit Qatar 2024 Lors d&#8217;un \u00e9v\u00e9nement du Web Summit, Son Altesse l&#8217;\u00c9mir Cheikh Tamim&#8230;<\/p>\n","protected":false},"author":1,"featured_media":0,"parent":0,"menu_order":0,"comment_status":"closed","ping_status":"closed","template":"","meta":{"_acf_changed":false,"_seopress_robots_primary_cat":"","_seopress_titles_title":"","_seopress_titles_desc":"","_seopress_robots_index":"","_price":"","_stock":"","_tribe_ticket_header":"","_tribe_default_ticket_provider":"","_ticket_start_date":"","_ticket_end_date":"","_tribe_ticket_show_description":"","_tribe_ticket_show_not_going":false,"_tribe_ticket_use_global_stock":"","_tribe_ticket_global_stock_level":"","_global_stock_mode":"","_global_stock_cap":"","_tribe_rsvp_for_event":"","_tribe_ticket_going_count":"","_tribe_ticket_not_going_count":"","_tribe_tickets_list":"[]","_tribe_ticket_has_attendee_info_fields":false,"footnotes":"","_tec_slr_enabled":"","_tec_slr_layout":""},"class_list":["post-11876","page","type-page","status-publish","hentry"],"acf":[],"ticketed":false,"_links":{"self":[{"href":"https:\/\/cqbf.ca\/fr\/wp-json\/wp\/v2\/pages\/11876","targetHints":{"allow":["GET"]}}],"collection":[{"href":"https:\/\/cqbf.ca\/fr\/wp-json\/wp\/v2\/pages"}],"about":[{"href":"https:\/\/cqbf.ca\/fr\/wp-json\/wp\/v2\/types\/page"}],"author":[{"embeddable":true,"href":"https:\/\/cqbf.ca\/fr\/wp-json\/wp\/v2\/users\/1"}],"replies":[{"embeddable":true,"href":"https:\/\/cqbf.ca\/fr\/wp-json\/wp\/v2\/comments?post=11876"}],"version-history":[{"count":0,"href":"https:\/\/cqbf.ca\/fr\/wp-json\/wp\/v2\/pages\/11876\/revisions"}],"wp:attachment":[{"href":"https:\/\/cqbf.ca\/fr\/wp-json\/wp\/v2\/media?parent=11876"}],"curies":[{"name":"wp","href":"https:\/\/api.w.org\/{rel}","templated":true}]}}